{"id":1396,"date":"2025-01-29T14:32:44","date_gmt":"2025-01-29T13:32:44","guid":{"rendered":"https:\/\/bezpiecznawisla.pl\/formularze\/?page_id=1396"},"modified":"2025-05-29T13:41:09","modified_gmt":"2025-05-29T11:41:09","slug":"konferencja-11-06-2025-r","status":"publish","type":"page","link":"https:\/\/bezpiecznawisla.pl\/formularze\/konferencja-11-06-2025-r\/","title":{"rendered":"Konferencja 11.06.2025 r."},"content":{"rendered":"\t\t<div data-elementor-type=\"wp-page\" data-elementor-id=\"1396\" class=\"elementor elementor-1396\">\n\t\t\t\t\t\t<section class=\"elementor-section elementor-top-section elementor-element elementor-element-2c81a3b elementor-section-boxed elementor-section-height-default elementor-section-height-default\" data-id=\"2c81a3b\" data-element_type=\"section\">\n\t\t\t\t\t\t<div class=\"elementor-container elementor-column-gap-default\">\n\t\t\t\t\t<div class=\"elementor-column elementor-col-100 elementor-top-column elementor-element elementor-element-9030c6e\" data-id=\"9030c6e\" data-element_type=\"column\">\n\t\t\t<div class=\"elementor-widget-wrap elementor-element-populated\">\n\t\t\t\t\t\t<div class=\"elementor-element elementor-element-3faa4b0 elementor-widget elementor-widget-image\" data-id=\"3faa4b0\" data-element_type=\"widget\" data-widget_type=\"image.default\">\n\t\t\t\t<div class=\"elementor-widget-container\">\n\t\t\t\t\t\t\t\t\t\t\t\t\t\t<a href=\"\/\">\n\t\t\t\t\t\t\t<img fetchpriority=\"high\" decoding=\"async\" width=\"870\" height=\"529\" src=\"https:\/\/bezpiecznawisla.pl\/formularze\/wp-content\/uploads\/2025\/05\/Save-the-date_zdjcie-do-artykuu.jpg\" class=\"attachment-full size-full wp-image-1522\" alt=\"\" srcset=\"https:\/\/bezpiecznawisla.pl\/formularze\/wp-content\/uploads\/2025\/05\/Save-the-date_zdjcie-do-artykuu.jpg 870w, https:\/\/bezpiecznawisla.pl\/formularze\/wp-content\/uploads\/2025\/05\/Save-the-date_zdjcie-do-artykuu-300x182.jpg 300w, https:\/\/bezpiecznawisla.pl\/formularze\/wp-content\/uploads\/2025\/05\/Save-the-date_zdjcie-do-artykuu-768x467.jpg 768w\" sizes=\"(max-width: 870px) 100vw, 870px\" \/>\t\t\t\t\t\t\t\t<\/a>\n\t\t\t\t\t\t\t\t\t\t\t\t\t<\/div>\n\t\t\t\t<\/div>\n\t\t\t\t<div class=\"elementor-element elementor-element-600a673 elementor-widget elementor-widget-text-editor\" data-id=\"600a673\" data-element_type=\"widget\" data-widget_type=\"text-editor.default\">\n\t\t\t\t<div class=\"elementor-widget-container\">\n\t\t\t\t\t\t\t<p style=\"text-align: justify;\"><strong><span style=\"color: #639864;\">11 czerwca 2025 r. odb\u0119dzie si\u0119 trzecia konferencja w ramach projektu Bezpieczna Wis\u0142a &#8211; ekologicznie w przysz\u0142o\u015b\u0107.\u00a0<\/span><\/strong><\/p>\n<p>Wydarzenie odb\u0119dzie si\u0119 w Centrum Kongresowym Uniwersytetu Rolniczego w Krakowie, al. 29 Listopada 46. Merytoryczne spotkanie po\u015bwi\u0119cone b\u0119dzie podsumowaniu prac w projekcie minimalizuj\u0105cym ryzyko powodziowe na odcinku tzw. Wis\u0142y Sandomierskiej<\/p>\n<p>Pytania w kwestiach organizacyjnych prosimy kierowa\u0107 na adres: <a href=\"mailto:konferencja@bezpiecznawisla.pl\">konferencja@bezpiecznawisla.pl<\/a><\/p>\t\t\t\t\t\t<\/div>\n\t\t\t\t<\/div>\n\t\t\t\t\t<\/div>\n\t\t<\/div>\n\t\t\t\t\t<\/div>\n\t\t<\/section>\n\t\t\t\t<section class=\"elementor-section elementor-top-section elementor-element elementor-element-6306e86 elementor-section-boxed elementor-section-height-default elementor-section-height-default\" data-id=\"6306e86\" data-element_type=\"section\">\n\t\t\t\t\t\t<div class=\"elementor-container elementor-column-gap-default\">\n\t\t\t\t\t<div class=\"elementor-column elementor-col-100 elementor-top-column elementor-element elementor-element-2461104\" data-id=\"2461104\" data-element_type=\"column\">\n\t\t\t<div class=\"elementor-widget-wrap elementor-element-populated\">\n\t\t\t\t\t\t<div class=\"elementor-element elementor-element-4d92fc1 elementor-align-center e-transform elementor-widget elementor-widget-button\" data-id=\"4d92fc1\" data-element_type=\"widget\" data-settings=\"{&quot;_transform_scale_effect&quot;:{&quot;unit&quot;:&quot;px&quot;,&quot;size&quot;:1,&quot;sizes&quot;:[]},&quot;_transform_scale_effect_tablet&quot;:{&quot;unit&quot;:&quot;px&quot;,&quot;size&quot;:&quot;&quot;,&quot;sizes&quot;:[]},&quot;_transform_scale_effect_mobile&quot;:{&quot;unit&quot;:&quot;px&quot;,&quot;size&quot;:&quot;&quot;,&quot;sizes&quot;:[]}}\" data-widget_type=\"button.default\">\n\t\t\t\t<div class=\"elementor-widget-container\">\n\t\t\t\t\t\t\t<div class=\"elementor-button-wrapper\">\n\t\t\t\t\t<a class=\"elementor-button elementor-button-link elementor-size-sm\" href=\"http:\/\/bezpiecznawisla.pl\/wp-content\/uploads\/2025\/05\/BW_konferencja-11_06_agenda.pdf\">\n\t\t\t\t\t\t<span class=\"elementor-button-content-wrapper\">\n\t\t\t\t\t\t\t\t\t<span class=\"elementor-button-text\">Agenda konferencji<\/span>\n\t\t\t\t\t<\/span>\n\t\t\t\t\t<\/a>\n\t\t\t\t<\/div>\n\t\t\t\t\t\t<\/div>\n\t\t\t\t<\/div>\n\t\t\t\t<div class=\"elementor-element elementor-element-89d430d elementor-align-center e-transform elementor-widget elementor-widget-button\" data-id=\"89d430d\" data-element_type=\"widget\" data-settings=\"{&quot;_transform_scale_effect&quot;:{&quot;unit&quot;:&quot;px&quot;,&quot;size&quot;:1,&quot;sizes&quot;:[]},&quot;_transform_scale_effect_tablet&quot;:{&quot;unit&quot;:&quot;px&quot;,&quot;size&quot;:&quot;&quot;,&quot;sizes&quot;:[]},&quot;_transform_scale_effect_mobile&quot;:{&quot;unit&quot;:&quot;px&quot;,&quot;size&quot;:&quot;&quot;,&quot;sizes&quot;:[]}}\" data-widget_type=\"button.default\">\n\t\t\t\t<div class=\"elementor-widget-container\">\n\t\t\t\t\t\t\t<div class=\"elementor-button-wrapper\">\n\t\t\t\t\t<a class=\"elementor-button elementor-button-link elementor-size-sm\" href=\"https:\/\/bezpiecznawisla.pl\/rejestracja-11-06-25\/\">\n\t\t\t\t\t\t<span class=\"elementor-button-content-wrapper\">\n\t\t\t\t\t\t\t\t\t<span class=\"elementor-button-text\">Formularz rejestracji<\/span>\n\t\t\t\t\t<\/span>\n\t\t\t\t\t<\/a>\n\t\t\t\t<\/div>\n\t\t\t\t\t\t<\/div>\n\t\t\t\t<\/div>\n\t\t\t\t\t<\/div>\n\t\t<\/div>\n\t\t\t\t\t<\/div>\n\t\t<\/section>\n\t\t\t\t<section class=\"elementor-section elementor-top-section elementor-element elementor-element-a299cb8 elementor-section-boxed elementor-section-height-default elementor-section-height-default\" data-id=\"a299cb8\" data-element_type=\"section\">\n\t\t\t\t\t\t<div class=\"elementor-container elementor-column-gap-default\">\n\t\t\t\t\t<div class=\"elementor-column elementor-col-100 elementor-top-column elementor-element elementor-element-9bad857\" data-id=\"9bad857\" data-element_type=\"column\">\n\t\t\t<div class=\"elementor-widget-wrap\">\n\t\t\t\t\t\t\t<\/div>\n\t\t<\/div>\n\t\t\t\t\t<\/div>\n\t\t<\/section>\n\t\t\t\t<section class=\"elementor-section elementor-top-section elementor-element elementor-element-36a5dfa elementor-section-boxed elementor-section-height-default elementor-section-height-default\" data-id=\"36a5dfa\" data-element_type=\"section\">\n\t\t\t\t\t\t<div class=\"elementor-container elementor-column-gap-default\">\n\t\t\t\t\t<div class=\"elementor-column elementor-col-100 elementor-top-column elementor-element elementor-element-8febbe6\" data-id=\"8febbe6\" data-element_type=\"column\">\n\t\t\t<div class=\"elementor-widget-wrap elementor-element-populated\">\n\t\t\t\t\t\t<div class=\"elementor-element elementor-element-de0d34c elementor-widget__width-initial elementor-widget elementor-widget-image\" data-id=\"de0d34c\" data-element_type=\"widget\" data-widget_type=\"image.default\">\n\t\t\t\t<div class=\"elementor-widget-container\">\n\t\t\t\t\t\t\t\t\t\t\t\t\t<img decoding=\"async\" width=\"1024\" height=\"182\" src=\"https:\/\/bezpiecznawisla.pl\/formularze\/wp-content\/uploads\/2023\/05\/logotypy-zebrane-1-1024x182.png\" class=\"attachment-large size-large wp-image-1044\" alt=\"\" srcset=\"https:\/\/bezpiecznawisla.pl\/formularze\/wp-content\/uploads\/2023\/05\/logotypy-zebrane-1-1024x182.png 1024w, https:\/\/bezpiecznawisla.pl\/formularze\/wp-content\/uploads\/2023\/05\/logotypy-zebrane-1-300x53.png 300w, https:\/\/bezpiecznawisla.pl\/formularze\/wp-content\/uploads\/2023\/05\/logotypy-zebrane-1-768x136.png 768w, https:\/\/bezpiecznawisla.pl\/formularze\/wp-content\/uploads\/2023\/05\/logotypy-zebrane-1-1536x273.png 1536w, https:\/\/bezpiecznawisla.pl\/formularze\/wp-content\/uploads\/2023\/05\/logotypy-zebrane-1-2048x364.png 2048w\" sizes=\"(max-width: 1024px) 100vw, 1024px\" \/>\t\t\t\t\t\t\t\t\t\t\t\t\t<\/div>\n\t\t\t\t<\/div>\n\t\t\t\t\t<\/div>\n\t\t<\/div>\n\t\t\t\t\t<\/div>\n\t\t<\/section>\n\t\t\t\t<\/div>\n\t\t","protected":false},"excerpt":{"rendered":"<p>11 czerwca 2025 r. odb\u0119dzie si\u0119 trzecia konferencja w ramach projektu Bezpieczna Wis\u0142a &#8211; ekologicznie w przysz\u0142o\u015b\u0107.\u00a0 Wydarzenie odb\u0119dzie si\u0119 w Centrum Kongresowym Uniwersytetu Rolniczego w Krakowie, al. 29 Listopada 46. Merytoryczne spotkanie po\u015bwi\u0119cone b\u0119dzie podsumowaniu prac w projekcie minimalizuj\u0105cym ryzyko powodziowe na odcinku tzw. Wis\u0142y Sandomierskiej Pytania w kwestiach organizacyjnych prosimy kierowa\u0107 na adres: [&hellip;]<\/p>\n","protected":false},"author":2,"featured_media":0,"parent":0,"menu_order":0,"comment_status":"closed","ping_status":"closed","template":"","meta":{"footnotes":""},"class_list":["post-1396","page","type-page","status-publish","hentry","entry"],"_links":{"self":[{"href":"https:\/\/bezpiecznawisla.pl\/formularze\/wp-json\/wp\/v2\/pages\/1396","targetHints":{"allow":["GET"]}}],"collection":[{"href":"https:\/\/bezpiecznawisla.pl\/formularze\/wp-json\/wp\/v2\/pages"}],"about":[{"href":"https:\/\/bezpiecznawisla.pl\/formularze\/wp-json\/wp\/v2\/types\/page"}],"author":[{"embeddable":true,"href":"https:\/\/bezpiecznawisla.pl\/formularze\/wp-json\/wp\/v2\/users\/2"}],"replies":[{"embeddable":true,"href":"https:\/\/bezpiecznawisla.pl\/formularze\/wp-json\/wp\/v2\/comments?post=1396"}],"version-history":[{"count":51,"href":"https:\/\/bezpiecznawisla.pl\/formularze\/wp-json\/wp\/v2\/pages\/1396\/revisions"}],"predecessor-version":[{"id":1571,"href":"https:\/\/bezpiecznawisla.pl\/formularze\/wp-json\/wp\/v2\/pages\/1396\/revisions\/1571"}],"wp:attachment":[{"href":"https:\/\/bezpiecznawisla.pl\/formularze\/wp-json\/wp\/v2\/media?parent=1396"}],"curies":[{"name":"wp","href":"https:\/\/api.w.org\/{rel}","templated":true}]}}