{"id":1170,"date":"2023-08-09T11:17:46","date_gmt":"2023-08-09T09:17:46","guid":{"rendered":"https:\/\/bezpiecznawisla.pl\/formularze\/?page_id=1170"},"modified":"2023-09-18T11:23:40","modified_gmt":"2023-09-18T09:23:40","slug":"ankieta-ngo","status":"publish","type":"page","link":"https:\/\/bezpiecznawisla.pl\/formularze\/ankieta-ngo\/","title":{"rendered":"Ankieta NGO"},"content":{"rendered":"\t\t<div data-elementor-type=\"wp-page\" data-elementor-id=\"1170\" class=\"elementor elementor-1170\">\n\t\t\t\t\t\t<section class=\"elementor-section elementor-top-section elementor-element elementor-element-095a1e5 elementor-section-boxed elementor-section-height-default elementor-section-height-default\" data-id=\"095a1e5\" data-element_type=\"section\">\n\t\t\t\t\t\t<div class=\"elementor-container elementor-column-gap-default\">\n\t\t\t\t\t<div class=\"elementor-column elementor-col-100 elementor-top-column elementor-element elementor-element-e111aad\" data-id=\"e111aad\" data-element_type=\"column\">\n\t\t\t<div class=\"elementor-widget-wrap elementor-element-populated\">\n\t\t\t\t\t\t<div class=\"elementor-element elementor-element-1c3c29d elementor-widget elementor-widget-image\" data-id=\"1c3c29d\" data-element_type=\"widget\" data-widget_type=\"image.default\">\n\t\t\t\t<div class=\"elementor-widget-container\">\n\t\t\t\t\t\t\t\t\t\t\t\t\t<img fetchpriority=\"high\" decoding=\"async\" width=\"1024\" height=\"112\" src=\"https:\/\/bezpiecznawisla.pl\/formularze\/wp-content\/uploads\/2023\/04\/BW_POPDOW-1024x112.png\" class=\"attachment-large size-large wp-image-967\" alt=\"\" srcset=\"https:\/\/bezpiecznawisla.pl\/formularze\/wp-content\/uploads\/2023\/04\/BW_POPDOW-1024x112.png 1024w, https:\/\/bezpiecznawisla.pl\/formularze\/wp-content\/uploads\/2023\/04\/BW_POPDOW-300x33.png 300w, https:\/\/bezpiecznawisla.pl\/formularze\/wp-content\/uploads\/2023\/04\/BW_POPDOW-768x84.png 768w, https:\/\/bezpiecznawisla.pl\/formularze\/wp-content\/uploads\/2023\/04\/BW_POPDOW.png 1366w\" sizes=\"(max-width: 1024px) 100vw, 1024px\" \/>\t\t\t\t\t\t\t\t\t\t\t\t\t<\/div>\n\t\t\t\t<\/div>\n\t\t\t\t\t<\/div>\n\t\t<\/div>\n\t\t\t\t\t<\/div>\n\t\t<\/section>\n\t\t\t\t<section class=\"elementor-section elementor-top-section elementor-element elementor-element-aee0334 elementor-section-boxed elementor-section-height-default elementor-section-height-default\" data-id=\"aee0334\" data-element_type=\"section\">\n\t\t\t\t\t\t<div class=\"elementor-container elementor-column-gap-default\">\n\t\t\t\t\t<div class=\"elementor-column elementor-col-100 elementor-top-column elementor-element elementor-element-3b94235\" data-id=\"3b94235\" data-element_type=\"column\">\n\t\t\t<div class=\"elementor-widget-wrap elementor-element-populated\">\n\t\t\t\t\t\t<div class=\"elementor-element elementor-element-b014587 elementor-widget elementor-widget-text-editor\" data-id=\"b014587\" data-element_type=\"widget\" data-widget_type=\"text-editor.default\">\n\t\t\t\t<div class=\"elementor-widget-container\">\n\t\t\t\t\t\t\t<p style=\"text-align: center;\">\n<span style=\"color: #79ad82;\"><strong>KONTRAKT 5.7.2: PROGRAM DZIA\u0141A\u0143 RETENCYJNYCH STANOWI\u0104CY ELEMENT ZARZ\u0104DZANIA RYZYKIEM POWODZIOWYM\nW REGIONIE G\u00d3RNEJ ZACHODNIEJ WIS\u0141Y I G\u00d3RNEJ WSCHODNIEJ WIS\u0141Y MI\u0118DZY KRAKOWEM A ZAWICHOSTEM<\/strong><\/p>\t\t\t\t\t\t<\/div>\n\t\t\t\t<\/div>\n\t\t\t\t\t<\/div>\n\t\t<\/div>\n\t\t\t\t\t<\/div>\n\t\t<\/section>\n\t\t\t\t<section class=\"elementor-section elementor-top-section elementor-element elementor-element-0db9835 elementor-section-boxed elementor-section-height-default elementor-section-height-default\" data-id=\"0db9835\" data-element_type=\"section\">\n\t\t\t\t\t\t<div class=\"elementor-container elementor-column-gap-default\">\n\t\t\t\t\t<div class=\"elementor-column elementor-col-100 elementor-top-column elementor-element elementor-element-a0596dd\" data-id=\"a0596dd\" data-element_type=\"column\">\n\t\t\t<div class=\"elementor-widget-wrap elementor-element-populated\">\n\t\t\t\t\t\t<div class=\"elementor-element elementor-element-0472a6b elementor-widget elementor-widget-text-editor\" data-id=\"0472a6b\" data-element_type=\"widget\" data-widget_type=\"text-editor.default\">\n\t\t\t\t<div class=\"elementor-widget-container\">\n\t\t\t\t\t\t\t<h1 style=\"text-align: center;\"><strong>\u00a0ANKIETYZACJA NGO<\/strong><\/h1>\t\t\t\t\t\t<\/div>\n\t\t\t\t<\/div>\n\t\t\t\t\t<\/div>\n\t\t<\/div>\n\t\t\t\t\t<\/div>\n\t\t<\/section>\n\t\t\t\t<section class=\"elementor-section elementor-top-section elementor-element elementor-element-7742a1f elementor-section-boxed elementor-section-height-default elementor-section-height-default\" data-id=\"7742a1f\" data-element_type=\"section\">\n\t\t\t\t\t\t<div class=\"elementor-container elementor-column-gap-default\">\n\t\t\t\t\t<div class=\"elementor-column elementor-col-100 elementor-top-column elementor-element elementor-element-e41577c\" data-id=\"e41577c\" data-element_type=\"column\">\n\t\t\t<div class=\"elementor-widget-wrap elementor-element-populated\">\n\t\t\t\t\t\t<div class=\"elementor-element elementor-element-40815ba elementor-widget elementor-widget-text-editor\" data-id=\"40815ba\" data-element_type=\"widget\" data-widget_type=\"text-editor.default\">\n\t\t\t\t<div class=\"elementor-widget-container\">\n\t\t\t\t\t\t\t<p>Ankietyzacja zako\u0144czona.<\/p>\t\t\t\t\t\t<\/div>\n\t\t\t\t<\/div>\n\t\t\t\t\t<\/div>\n\t\t<\/div>\n\t\t\t\t\t<\/div>\n\t\t<\/section>\n\t\t\t\t<section class=\"elementor-section elementor-top-section elementor-element elementor-element-cfb8a49 elementor-section-boxed elementor-section-height-default elementor-section-height-default\" data-id=\"cfb8a49\" data-element_type=\"section\">\n\t\t\t\t\t\t<div class=\"elementor-container elementor-column-gap-default\">\n\t\t\t\t\t<div class=\"elementor-column elementor-col-100 elementor-top-column elementor-element elementor-element-45c1b70\" data-id=\"45c1b70\" data-element_type=\"column\">\n\t\t\t<div class=\"elementor-widget-wrap elementor-element-populated\">\n\t\t\t\t\t\t<div class=\"elementor-element elementor-element-3277b17 elementor-widget elementor-widget-image\" data-id=\"3277b17\" data-element_type=\"widget\" data-widget_type=\"image.default\">\n\t\t\t\t<div class=\"elementor-widget-container\">\n\t\t\t\t\t\t\t\t\t\t\t\t\t<img decoding=\"async\" width=\"1024\" height=\"182\" src=\"https:\/\/bezpiecznawisla.pl\/formularze\/wp-content\/uploads\/2023\/05\/logotypy-zebrane-1-1024x182.png\" class=\"attachment-large size-large wp-image-1044\" alt=\"\" srcset=\"https:\/\/bezpiecznawisla.pl\/formularze\/wp-content\/uploads\/2023\/05\/logotypy-zebrane-1-1024x182.png 1024w, https:\/\/bezpiecznawisla.pl\/formularze\/wp-content\/uploads\/2023\/05\/logotypy-zebrane-1-300x53.png 300w, https:\/\/bezpiecznawisla.pl\/formularze\/wp-content\/uploads\/2023\/05\/logotypy-zebrane-1-768x136.png 768w, https:\/\/bezpiecznawisla.pl\/formularze\/wp-content\/uploads\/2023\/05\/logotypy-zebrane-1-1536x273.png 1536w, https:\/\/bezpiecznawisla.pl\/formularze\/wp-content\/uploads\/2023\/05\/logotypy-zebrane-1-2048x364.png 2048w\" sizes=\"(max-width: 1024px) 100vw, 1024px\" \/>\t\t\t\t\t\t\t\t\t\t\t\t\t<\/div>\n\t\t\t\t<\/div>\n\t\t\t\t\t<\/div>\n\t\t<\/div>\n\t\t\t\t\t<\/div>\n\t\t<\/section>\n\t\t\t\t<\/div>\n\t\t","protected":false},"excerpt":{"rendered":"<p>KONTRAKT 5.7.2: PROGRAM DZIA\u0141A\u0143 RETENCYJNYCH STANOWI\u0104CY ELEMENT ZARZ\u0104DZANIA RYZYKIEM POWODZIOWYM W REGIONIE G\u00d3RNEJ ZACHODNIEJ WIS\u0141Y I G\u00d3RNEJ WSCHODNIEJ WIS\u0141Y MI\u0118DZY KRAKOWEM A ZAWICHOSTEM \u00a0ANKIETYZACJA NGO Ankietyzacja zako\u0144czona.<\/p>\n","protected":false},"author":2,"featured_media":0,"parent":0,"menu_order":0,"comment_status":"closed","ping_status":"closed","template":"","meta":{"footnotes":""},"class_list":["post-1170","page","type-page","status-publish","hentry","entry"],"_links":{"self":[{"href":"https:\/\/bezpiecznawisla.pl\/formularze\/wp-json\/wp\/v2\/pages\/1170","targetHints":{"allow":["GET"]}}],"collection":[{"href":"https:\/\/bezpiecznawisla.pl\/formularze\/wp-json\/wp\/v2\/pages"}],"about":[{"href":"https:\/\/bezpiecznawisla.pl\/formularze\/wp-json\/wp\/v2\/types\/page"}],"author":[{"embeddable":true,"href":"https:\/\/bezpiecznawisla.pl\/formularze\/wp-json\/wp\/v2\/users\/2"}],"replies":[{"embeddable":true,"href":"https:\/\/bezpiecznawisla.pl\/formularze\/wp-json\/wp\/v2\/comments?post=1170"}],"version-history":[{"count":51,"href":"https:\/\/bezpiecznawisla.pl\/formularze\/wp-json\/wp\/v2\/pages\/1170\/revisions"}],"predecessor-version":[{"id":1274,"href":"https:\/\/bezpiecznawisla.pl\/formularze\/wp-json\/wp\/v2\/pages\/1170\/revisions\/1274"}],"wp:attachment":[{"href":"https:\/\/bezpiecznawisla.pl\/formularze\/wp-json\/wp\/v2\/media?parent=1170"}],"curies":[{"name":"wp","href":"https:\/\/api.w.org\/{rel}","templated":true}]}}