{"id":808,"date":"2023-05-25T20:20:35","date_gmt":"2023-05-25T18:20:35","guid":{"rendered":"https:\/\/bezpiecznawisla.pl\/to-download\/"},"modified":"2023-05-25T20:20:35","modified_gmt":"2023-05-25T18:20:35","slug":"to-download","status":"publish","type":"page","link":"https:\/\/bezpiecznawisla.pl\/en\/to-download\/","title":{"rendered":"To download"},"content":{"rendered":"\n<div class=\"row\"  id=\"row-1214635845\">\n\n\n\t<div id=\"col-732836910\" class=\"col small-12 large-12\"  >\n\t\t\t\t<div class=\"col-inner\"  >\n\t\t\t\n\t\t\t\n\n<div class=\"row\"  id=\"row-1767951215\">\n\n\n\t<div id=\"col-223772829\" class=\"col medium-4 small-12 large-4\"  >\n\t\t\t\t<div class=\"col-inner\"  >\n\t\t\t\n\t\t\t\n\n\t<div id=\"gap-181880255\" class=\"gap-element clearfix\" style=\"display:block; height:auto;\">\n\t\t\n<style>\n#gap-181880255 {\n  padding-top: 100px;\n}\n<\/style>\n\t<\/div>\n\t\n\n\n\t\t<\/div>\n\t\t\t\t\t<\/div>\n\n\t\n\n<\/div>\n<a href=\"https:\/\/bezpiecznawisla.pl\/download\/381\/?tmstv=1686730832\" target=\"_blank\" class=\"button secondary is-shade is-larger box-shadow-4 box-shadow-5-hover lowercase expand\" rel=\"noopener\"  style=\"border-radius:10px;\">\n\t\t<span>The logo of the project<\/span>\n\t<i class=\"icon-angle-down\" aria-hidden=\"true\" ><\/i><\/a>\n\n\n\n\t\t<\/div>\n\t\t\t\t\t<\/div>\n\n\t\n\n<\/div>\n<div class=\"row\"  id=\"row-1064772624\">\n\n\n\t<div id=\"col-2095371852\" class=\"col small-12 large-12\"  >\n\t\t\t\t<div class=\"col-inner\"  >\n\t\t\t\n\t\t\t\n\n<a href=\"https:\/\/bezpiecznawisla.pl\/download\/521\/?tmstv=1687852869\" target=\"_blank\" class=\"button secondary is-shade is-larger box-shadow-4 box-shadow-5-hover lowercase expand\" rel=\"noopener\"  style=\"border-radius:10px;\">\n\t\t<span>Materials from the conference on May 23, 2023 (presentations and answers to chat questions)<\/span>\n\t<\/a>\n\n\n\n\t\t<\/div>\n\t\t\t\t\t<\/div>\n\n\t\n\n<\/div>\n<div class=\"row\"  id=\"row-1775929805\">\n\n\n\t<div id=\"col-434694399\" class=\"col small-12 large-12\"  >\n\t\t\t\t<div class=\"col-inner\"  >\n\t\t\t\n\t\t\t\n\n\n\t\t<\/div>\n\t\t\t\t\t<\/div>\n\n\t\n\n<\/div>\n","protected":false},"excerpt":{"rendered":"","protected":false},"author":2,"featured_media":0,"parent":0,"menu_order":0,"comment_status":"closed","ping_status":"closed","template":"page-blank.php","meta":{"_exactmetrics_skip_tracking":false,"_exactmetrics_sitenote_active":false,"_exactmetrics_sitenote_note":"","_exactmetrics_sitenote_category":0,"footnotes":""},"class_list":["post-808","page","type-page","status-publish","hentry"],"yoast_head":"<!-- This site is optimized with the Yoast SEO plugin v20.10 - https:\/\/yoast.com\/wordpress\/plugins\/seo\/ -->\n<title>To download - Bezpieczna Wis\u0142a<\/title>\n<meta name=\"description\" content=\"\u201cSafe Vistula \u2013 towards a sustainable future\u201d is the name of the program of retention activities constituting an element of flood risk management in the Upper Vistula region. Krakow-Zawichost.\" \/>\n<meta name=\"robots\" content=\"index, follow, max-snippet:-1, max-image-preview:large, max-video-preview:-1\" \/>\n<link rel=\"canonical\" href=\"https:\/\/bezpiecznawisla.pl\/do-pobrania\/\" \/>\n<meta property=\"og:locale\" content=\"en_US\" \/>\n<meta property=\"og:type\" content=\"article\" \/>\n<meta property=\"og:title\" content=\"To download - Bezpieczna Wis\u0142a\" \/>\n<meta property=\"og:description\" content=\"\u201cSafe Vistula \u2013 towards a sustainable future\u201d is the name of the program of retention activities constituting an element of flood risk management in the Upper Vistula region. Krakow-Zawichost.\" \/>\n<meta property=\"og:url\" content=\"https:\/\/bezpiecznawisla.pl\/do-pobrania\/\" \/>\n<meta property=\"og:site_name\" content=\"Bezpieczna Wis\u0142a\" \/>\n<meta property=\"article:publisher\" content=\"https:\/\/www.facebook.com\/RZGWKrakow\/\" \/>\n<meta name=\"twitter:card\" content=\"summary_large_image\" \/>\n<meta name=\"twitter:label1\" content=\"Est. reading time\" \/>\n\t<meta name=\"twitter:data1\" content=\"1 minute\" \/>\n<script type=\"application\/ld+json\" class=\"yoast-schema-graph\">{\"@context\":\"https:\/\/schema.org\",\"@graph\":[{\"@type\":\"WebPage\",\"@id\":\"https:\/\/bezpiecznawisla.pl\/do-pobrania\/\",\"url\":\"https:\/\/bezpiecznawisla.pl\/do-pobrania\/\",\"name\":\"To download - Bezpieczna Wis\u0142a\",\"isPartOf\":{\"@id\":\"https:\/\/bezpiecznawisla.pl\/#website\"},\"datePublished\":\"2023-05-25T18:20:35+00:00\",\"dateModified\":\"2023-05-25T18:20:35+00:00\",\"description\":\"\u201cSafe Vistula \u2013 towards a sustainable future\u201d is the name of the program of retention activities constituting an element of flood risk management in the Upper Vistula region. Krakow-Zawichost.\",\"breadcrumb\":{\"@id\":\"https:\/\/bezpiecznawisla.pl\/do-pobrania\/#breadcrumb\"},\"inLanguage\":\"en-US\",\"potentialAction\":[{\"@type\":\"ReadAction\",\"target\":[\"https:\/\/bezpiecznawisla.pl\/do-pobrania\/\"]}]},{\"@type\":\"BreadcrumbList\",\"@id\":\"https:\/\/bezpiecznawisla.pl\/do-pobrania\/#breadcrumb\",\"itemListElement\":[{\"@type\":\"ListItem\",\"position\":1,\"name\":\"Strona g\u0142\u00f3wna\",\"item\":\"https:\/\/bezpiecznawisla.pl\/en\/\"},{\"@type\":\"ListItem\",\"position\":2,\"name\":\"To download\"}]},{\"@type\":\"WebSite\",\"@id\":\"https:\/\/bezpiecznawisla.pl\/#website\",\"url\":\"https:\/\/bezpiecznawisla.pl\/\",\"name\":\"Bezpieczna Wis\u0142a\",\"description\":\"Ekologicznie w przysz\u0142o\u015b\u0107 - program dzia\u0142a\u0144 retencyjnych\",\"publisher\":{\"@id\":\"https:\/\/bezpiecznawisla.pl\/#organization\"},\"potentialAction\":[{\"@type\":\"SearchAction\",\"target\":{\"@type\":\"EntryPoint\",\"urlTemplate\":\"https:\/\/bezpiecznawisla.pl\/?s={search_term_string}\"},\"query-input\":\"required name=search_term_string\"}],\"inLanguage\":\"en-US\"},{\"@type\":\"Organization\",\"@id\":\"https:\/\/bezpiecznawisla.pl\/#organization\",\"name\":\"Bezpieczna Wis\u0142a\",\"url\":\"https:\/\/bezpiecznawisla.pl\/\",\"logo\":{\"@type\":\"ImageObject\",\"inLanguage\":\"en-US\",\"@id\":\"https:\/\/bezpiecznawisla.pl\/#\/schema\/logo\/image\/\",\"url\":\"https:\/\/bezpiecznawisla.pl\/wp-content\/uploads\/2023\/05\/BW-logo-kolor_png.png\",\"contentUrl\":\"https:\/\/bezpiecznawisla.pl\/wp-content\/uploads\/2023\/05\/BW-logo-kolor_png.png\",\"width\":510,\"height\":160,\"caption\":\"Bezpieczna Wis\u0142a\"},\"image\":{\"@id\":\"https:\/\/bezpiecznawisla.pl\/#\/schema\/logo\/image\/\"},\"sameAs\":[\"https:\/\/www.facebook.com\/RZGWKrakow\/\"]}]}<\/script>\n<!-- \/ Yoast SEO plugin. -->","yoast_head_json":{"title":"To download - Bezpieczna Wis\u0142a","description":"\u201cSafe Vistula \u2013 towards a sustainable future\u201d is the name of the program of retention activities constituting an element of flood risk management in the Upper Vistula region. Krakow-Zawichost.","robots":{"index":"index","follow":"follow","max-snippet":"max-snippet:-1","max-image-preview":"max-image-preview:large","max-video-preview":"max-video-preview:-1"},"canonical":"https:\/\/bezpiecznawisla.pl\/do-pobrania\/","og_locale":"en_US","og_type":"article","og_title":"To download - Bezpieczna Wis\u0142a","og_description":"\u201cSafe Vistula \u2013 towards a sustainable future\u201d is the name of the program of retention activities constituting an element of flood risk management in the Upper Vistula region. Krakow-Zawichost.","og_url":"https:\/\/bezpiecznawisla.pl\/do-pobrania\/","og_site_name":"Bezpieczna Wis\u0142a","article_publisher":"https:\/\/www.facebook.com\/RZGWKrakow\/","twitter_card":"summary_large_image","twitter_misc":{"Est. reading time":"1 minute"},"schema":{"@context":"https:\/\/schema.org","@graph":[{"@type":"WebPage","@id":"https:\/\/bezpiecznawisla.pl\/do-pobrania\/","url":"https:\/\/bezpiecznawisla.pl\/do-pobrania\/","name":"To download - Bezpieczna Wis\u0142a","isPartOf":{"@id":"https:\/\/bezpiecznawisla.pl\/#website"},"datePublished":"2023-05-25T18:20:35+00:00","dateModified":"2023-05-25T18:20:35+00:00","description":"\u201cSafe Vistula \u2013 towards a sustainable future\u201d is the name of the program of retention activities constituting an element of flood risk management in the Upper Vistula region. Krakow-Zawichost.","breadcrumb":{"@id":"https:\/\/bezpiecznawisla.pl\/do-pobrania\/#breadcrumb"},"inLanguage":"en-US","potentialAction":[{"@type":"ReadAction","target":["https:\/\/bezpiecznawisla.pl\/do-pobrania\/"]}]},{"@type":"BreadcrumbList","@id":"https:\/\/bezpiecznawisla.pl\/do-pobrania\/#breadcrumb","itemListElement":[{"@type":"ListItem","position":1,"name":"Strona g\u0142\u00f3wna","item":"https:\/\/bezpiecznawisla.pl\/en\/"},{"@type":"ListItem","position":2,"name":"To download"}]},{"@type":"WebSite","@id":"https:\/\/bezpiecznawisla.pl\/#website","url":"https:\/\/bezpiecznawisla.pl\/","name":"Bezpieczna Wis\u0142a","description":"Ekologicznie w przysz\u0142o\u015b\u0107 - program dzia\u0142a\u0144 retencyjnych","publisher":{"@id":"https:\/\/bezpiecznawisla.pl\/#organization"},"potentialAction":[{"@type":"SearchAction","target":{"@type":"EntryPoint","urlTemplate":"https:\/\/bezpiecznawisla.pl\/?s={search_term_string}"},"query-input":"required name=search_term_string"}],"inLanguage":"en-US"},{"@type":"Organization","@id":"https:\/\/bezpiecznawisla.pl\/#organization","name":"Bezpieczna Wis\u0142a","url":"https:\/\/bezpiecznawisla.pl\/","logo":{"@type":"ImageObject","inLanguage":"en-US","@id":"https:\/\/bezpiecznawisla.pl\/#\/schema\/logo\/image\/","url":"https:\/\/bezpiecznawisla.pl\/wp-content\/uploads\/2023\/05\/BW-logo-kolor_png.png","contentUrl":"https:\/\/bezpiecznawisla.pl\/wp-content\/uploads\/2023\/05\/BW-logo-kolor_png.png","width":510,"height":160,"caption":"Bezpieczna Wis\u0142a"},"image":{"@id":"https:\/\/bezpiecznawisla.pl\/#\/schema\/logo\/image\/"},"sameAs":["https:\/\/www.facebook.com\/RZGWKrakow\/"]}]}},"_links":{"self":[{"href":"https:\/\/bezpiecznawisla.pl\/en\/wp-json\/wp\/v2\/pages\/808","targetHints":{"allow":["GET"]}}],"collection":[{"href":"https:\/\/bezpiecznawisla.pl\/en\/wp-json\/wp\/v2\/pages"}],"about":[{"href":"https:\/\/bezpiecznawisla.pl\/en\/wp-json\/wp\/v2\/types\/page"}],"author":[{"embeddable":true,"href":"https:\/\/bezpiecznawisla.pl\/en\/wp-json\/wp\/v2\/users\/2"}],"replies":[{"embeddable":true,"href":"https:\/\/bezpiecznawisla.pl\/en\/wp-json\/wp\/v2\/comments?post=808"}],"version-history":[{"count":0,"href":"https:\/\/bezpiecznawisla.pl\/en\/wp-json\/wp\/v2\/pages\/808\/revisions"}],"wp:attachment":[{"href":"https:\/\/bezpiecznawisla.pl\/en\/wp-json\/wp\/v2\/media?parent=808"}],"curies":[{"name":"wp","href":"https:\/\/api.w.org\/{rel}","templated":true}]}}