{"id":807,"date":"2023-06-05T15:13:51","date_gmt":"2023-06-05T13:13:51","guid":{"rendered":"https:\/\/bezpiecznawisla.pl\/contact-for-media\/"},"modified":"2023-06-05T15:13:51","modified_gmt":"2023-06-05T13:13:51","slug":"contact-for-media","status":"publish","type":"page","link":"https:\/\/bezpiecznawisla.pl\/en\/contact-for-media\/","title":{"rendered":"Contact for media"},"content":{"rendered":"\n  <div id=\"page-header-1324515187\" class=\"page-header-wrapper\">\n  <div class=\"page-title dark featured-title\">\n\n        <div class=\"page-title-bg\">\n      <div class=\"title-bg fill bg-fill\"\n        data-parallax-container=\".page-title\"\n        data-parallax-background\n        data-parallax=\"-\">\n      <\/div>\n      <div class=\"title-overlay fill\"><\/div>\n    <\/div>\n    \n    <div class=\"page-title-inner container align-center flex-row medium-flex-wrap\" >\n              <div class=\"title-wrapper is-large flex-col text-left medium-text-center\">\n          <h1 class=\"entry-title mb-0\">\n            Contact for media          <\/h1>\n        <\/div>\n                    <div class=\"title-content flex-col flex-right text-right medium-text-center\">\n        <div class=\"title-breadcrumbs pb-half pt-half\"><\/div>      <\/div>\n    <\/div>\n\n     \n<style>\n#page-header-1324515187 .page-title-inner {\n  min-height: 145px;\n}\n#page-header-1324515187 .featured-title {\n  background-color: rgb(29, 97, 150);\n}\n<\/style>\n  <\/div>\n    <\/div>\n  \n\n\n\t<section class=\"section\" id=\"section_957401050\">\n\t\t<div class=\"section-bg fill\" >\n\t\t\t\t\t\t\t\t\t\n\t\t\t\n\n\t\t<\/div>\n\n\t\t\n\n\t\t<div class=\"section-content relative\">\n\t\t\t\n\n<div class=\"row\"  id=\"row-118320415\">\n\n\n\t<div id=\"col-1269294254\" class=\"col small-12 large-12\"  >\n\t\t\t\t<div class=\"col-inner\"  >\n\t\t\t\n\t\t\t\n\n<div class=\"entry-content\">\n<p data-wahfont=\"14\">Spokesperson of the Regional Water Holding in Krakow<\/p>\n<p data-wahfont=\"14\"><strong>Magdalena Gala<\/strong><\/p>\n<p>e-mail: <a href=\"mailto:magdalena.gala@wody.gov.pl\">magdalena.gala@wody.gov.pl<\/a><br>tel.:+48 885 258 852<\/p>\n<\/div>\n\n\t\t<\/div>\n\t\t\t\t\t<\/div>\n\n\t\n\n<\/div>\n\n\t\t<\/div>\n\n\t\t\n<style>\n#section_957401050 {\n  padding-top: 30px;\n  padding-bottom: 30px;\n}\n<\/style>\n\t<\/section>\n\t\n","protected":false},"excerpt":{"rendered":"","protected":false},"author":2,"featured_media":0,"parent":0,"menu_order":0,"comment_status":"closed","ping_status":"closed","template":"page-blank.php","meta":{"_exactmetrics_skip_tracking":false,"_exactmetrics_sitenote_active":false,"_exactmetrics_sitenote_note":"","_exactmetrics_sitenote_category":0,"footnotes":""},"class_list":["post-807","page","type-page","status-publish","hentry"],"yoast_head":"<!-- This site is optimized with the Yoast SEO plugin v20.10 - https:\/\/yoast.com\/wordpress\/plugins\/seo\/ -->\n<title>Contact for media - Bezpieczna Wis\u0142a<\/title>\n<meta name=\"description\" content=\"\u201cSafe Vistula \u2013 towards a sustainable future\u201d is the name of the program of retention activities constituting an element of flood risk management in the Upper Vistula region. Krakow-Zawichost.\" \/>\n<meta name=\"robots\" content=\"index, follow, max-snippet:-1, max-image-preview:large, max-video-preview:-1\" \/>\n<link rel=\"canonical\" href=\"https:\/\/bezpiecznawisla.pl\/kontakt-dla-mediow\/\" \/>\n<meta property=\"og:locale\" content=\"en_US\" \/>\n<meta property=\"og:type\" content=\"article\" \/>\n<meta property=\"og:title\" content=\"Contact for media - Bezpieczna Wis\u0142a\" \/>\n<meta property=\"og:description\" content=\"\u201cSafe Vistula \u2013 towards a sustainable future\u201d is the name of the program of retention activities constituting an element of flood risk management in the Upper Vistula region. Krakow-Zawichost.\" \/>\n<meta property=\"og:url\" content=\"https:\/\/bezpiecznawisla.pl\/kontakt-dla-mediow\/\" \/>\n<meta property=\"og:site_name\" content=\"Bezpieczna Wis\u0142a\" \/>\n<meta property=\"article:publisher\" content=\"https:\/\/www.facebook.com\/RZGWKrakow\/\" \/>\n<meta name=\"twitter:card\" content=\"summary_large_image\" \/>\n<script type=\"application\/ld+json\" class=\"yoast-schema-graph\">{\"@context\":\"https:\/\/schema.org\",\"@graph\":[{\"@type\":\"WebPage\",\"@id\":\"https:\/\/bezpiecznawisla.pl\/kontakt-dla-mediow\/\",\"url\":\"https:\/\/bezpiecznawisla.pl\/kontakt-dla-mediow\/\",\"name\":\"Contact for media - Bezpieczna Wis\u0142a\",\"isPartOf\":{\"@id\":\"https:\/\/bezpiecznawisla.pl\/#website\"},\"datePublished\":\"2023-06-05T13:13:51+00:00\",\"dateModified\":\"2023-06-05T13:13:51+00:00\",\"description\":\"\u201cSafe Vistula \u2013 towards a sustainable future\u201d is the name of the program of retention activities constituting an element of flood risk management in the Upper Vistula region. Krakow-Zawichost.\",\"breadcrumb\":{\"@id\":\"https:\/\/bezpiecznawisla.pl\/kontakt-dla-mediow\/#breadcrumb\"},\"inLanguage\":\"en-US\",\"potentialAction\":[{\"@type\":\"ReadAction\",\"target\":[\"https:\/\/bezpiecznawisla.pl\/kontakt-dla-mediow\/\"]}]},{\"@type\":\"BreadcrumbList\",\"@id\":\"https:\/\/bezpiecznawisla.pl\/kontakt-dla-mediow\/#breadcrumb\",\"itemListElement\":[{\"@type\":\"ListItem\",\"position\":1,\"name\":\"Strona g\u0142\u00f3wna\",\"item\":\"https:\/\/bezpiecznawisla.pl\/en\/\"},{\"@type\":\"ListItem\",\"position\":2,\"name\":\"Contact for media\"}]},{\"@type\":\"WebSite\",\"@id\":\"https:\/\/bezpiecznawisla.pl\/#website\",\"url\":\"https:\/\/bezpiecznawisla.pl\/\",\"name\":\"Bezpieczna Wis\u0142a\",\"description\":\"Ekologicznie w przysz\u0142o\u015b\u0107 - program dzia\u0142a\u0144 retencyjnych\",\"publisher\":{\"@id\":\"https:\/\/bezpiecznawisla.pl\/#organization\"},\"potentialAction\":[{\"@type\":\"SearchAction\",\"target\":{\"@type\":\"EntryPoint\",\"urlTemplate\":\"https:\/\/bezpiecznawisla.pl\/?s={search_term_string}\"},\"query-input\":\"required name=search_term_string\"}],\"inLanguage\":\"en-US\"},{\"@type\":\"Organization\",\"@id\":\"https:\/\/bezpiecznawisla.pl\/#organization\",\"name\":\"Bezpieczna Wis\u0142a\",\"url\":\"https:\/\/bezpiecznawisla.pl\/\",\"logo\":{\"@type\":\"ImageObject\",\"inLanguage\":\"en-US\",\"@id\":\"https:\/\/bezpiecznawisla.pl\/#\/schema\/logo\/image\/\",\"url\":\"https:\/\/bezpiecznawisla.pl\/wp-content\/uploads\/2023\/05\/BW-logo-kolor_png.png\",\"contentUrl\":\"https:\/\/bezpiecznawisla.pl\/wp-content\/uploads\/2023\/05\/BW-logo-kolor_png.png\",\"width\":510,\"height\":160,\"caption\":\"Bezpieczna Wis\u0142a\"},\"image\":{\"@id\":\"https:\/\/bezpiecznawisla.pl\/#\/schema\/logo\/image\/\"},\"sameAs\":[\"https:\/\/www.facebook.com\/RZGWKrakow\/\"]}]}<\/script>\n<!-- \/ Yoast SEO plugin. -->","yoast_head_json":{"title":"Contact for media - Bezpieczna Wis\u0142a","description":"\u201cSafe Vistula \u2013 towards a sustainable future\u201d is the name of the program of retention activities constituting an element of flood risk management in the Upper Vistula region. Krakow-Zawichost.","robots":{"index":"index","follow":"follow","max-snippet":"max-snippet:-1","max-image-preview":"max-image-preview:large","max-video-preview":"max-video-preview:-1"},"canonical":"https:\/\/bezpiecznawisla.pl\/kontakt-dla-mediow\/","og_locale":"en_US","og_type":"article","og_title":"Contact for media - Bezpieczna Wis\u0142a","og_description":"\u201cSafe Vistula \u2013 towards a sustainable future\u201d is the name of the program of retention activities constituting an element of flood risk management in the Upper Vistula region. Krakow-Zawichost.","og_url":"https:\/\/bezpiecznawisla.pl\/kontakt-dla-mediow\/","og_site_name":"Bezpieczna Wis\u0142a","article_publisher":"https:\/\/www.facebook.com\/RZGWKrakow\/","twitter_card":"summary_large_image","schema":{"@context":"https:\/\/schema.org","@graph":[{"@type":"WebPage","@id":"https:\/\/bezpiecznawisla.pl\/kontakt-dla-mediow\/","url":"https:\/\/bezpiecznawisla.pl\/kontakt-dla-mediow\/","name":"Contact for media - Bezpieczna Wis\u0142a","isPartOf":{"@id":"https:\/\/bezpiecznawisla.pl\/#website"},"datePublished":"2023-06-05T13:13:51+00:00","dateModified":"2023-06-05T13:13:51+00:00","description":"\u201cSafe Vistula \u2013 towards a sustainable future\u201d is the name of the program of retention activities constituting an element of flood risk management in the Upper Vistula region. Krakow-Zawichost.","breadcrumb":{"@id":"https:\/\/bezpiecznawisla.pl\/kontakt-dla-mediow\/#breadcrumb"},"inLanguage":"en-US","potentialAction":[{"@type":"ReadAction","target":["https:\/\/bezpiecznawisla.pl\/kontakt-dla-mediow\/"]}]},{"@type":"BreadcrumbList","@id":"https:\/\/bezpiecznawisla.pl\/kontakt-dla-mediow\/#breadcrumb","itemListElement":[{"@type":"ListItem","position":1,"name":"Strona g\u0142\u00f3wna","item":"https:\/\/bezpiecznawisla.pl\/en\/"},{"@type":"ListItem","position":2,"name":"Contact for media"}]},{"@type":"WebSite","@id":"https:\/\/bezpiecznawisla.pl\/#website","url":"https:\/\/bezpiecznawisla.pl\/","name":"Bezpieczna Wis\u0142a","description":"Ekologicznie w przysz\u0142o\u015b\u0107 - program dzia\u0142a\u0144 retencyjnych","publisher":{"@id":"https:\/\/bezpiecznawisla.pl\/#organization"},"potentialAction":[{"@type":"SearchAction","target":{"@type":"EntryPoint","urlTemplate":"https:\/\/bezpiecznawisla.pl\/?s={search_term_string}"},"query-input":"required name=search_term_string"}],"inLanguage":"en-US"},{"@type":"Organization","@id":"https:\/\/bezpiecznawisla.pl\/#organization","name":"Bezpieczna Wis\u0142a","url":"https:\/\/bezpiecznawisla.pl\/","logo":{"@type":"ImageObject","inLanguage":"en-US","@id":"https:\/\/bezpiecznawisla.pl\/#\/schema\/logo\/image\/","url":"https:\/\/bezpiecznawisla.pl\/wp-content\/uploads\/2023\/05\/BW-logo-kolor_png.png","contentUrl":"https:\/\/bezpiecznawisla.pl\/wp-content\/uploads\/2023\/05\/BW-logo-kolor_png.png","width":510,"height":160,"caption":"Bezpieczna Wis\u0142a"},"image":{"@id":"https:\/\/bezpiecznawisla.pl\/#\/schema\/logo\/image\/"},"sameAs":["https:\/\/www.facebook.com\/RZGWKrakow\/"]}]}},"_links":{"self":[{"href":"https:\/\/bezpiecznawisla.pl\/en\/wp-json\/wp\/v2\/pages\/807","targetHints":{"allow":["GET"]}}],"collection":[{"href":"https:\/\/bezpiecznawisla.pl\/en\/wp-json\/wp\/v2\/pages"}],"about":[{"href":"https:\/\/bezpiecznawisla.pl\/en\/wp-json\/wp\/v2\/types\/page"}],"author":[{"embeddable":true,"href":"https:\/\/bezpiecznawisla.pl\/en\/wp-json\/wp\/v2\/users\/2"}],"replies":[{"embeddable":true,"href":"https:\/\/bezpiecznawisla.pl\/en\/wp-json\/wp\/v2\/comments?post=807"}],"version-history":[{"count":0,"href":"https:\/\/bezpiecznawisla.pl\/en\/wp-json\/wp\/v2\/pages\/807\/revisions"}],"wp:attachment":[{"href":"https:\/\/bezpiecznawisla.pl\/en\/wp-json\/wp\/v2\/media?parent=807"}],"curies":[{"name":"wp","href":"https:\/\/api.w.org\/{rel}","templated":true}]}}