{"id":1381,"date":"2024-05-06T12:32:43","date_gmt":"2024-05-06T10:32:43","guid":{"rendered":"https:\/\/bezpiecznawisla.pl\/conferences-2\/"},"modified":"2024-05-06T12:32:43","modified_gmt":"2024-05-06T10:32:43","slug":"conferences-2","status":"publish","type":"page","link":"https:\/\/bezpiecznawisla.pl\/en\/conferences-2\/","title":{"rendered":"Conferences"},"content":{"rendered":"\n  <div id=\"page-header-1820547777\" class=\"page-header-wrapper\">\n  <div class=\"page-title dark featured-title\">\n\n        <div class=\"page-title-bg\">\n      <div class=\"title-bg fill bg-fill\"\n        data-parallax-container=\".page-title\"\n        data-parallax-background\n        data-parallax=\"-\">\n      <\/div>\n      <div class=\"title-overlay fill\"><\/div>\n    <\/div>\n    \n    <div class=\"page-title-inner container align-center flex-row medium-flex-wrap\" >\n              <div class=\"title-wrapper is-large flex-col text-left medium-text-center\">\n          <h1 class=\"entry-title mb-0\">\n            Conferences          <\/h1>\n        <\/div>\n                    <div class=\"title-content flex-col flex-right text-right medium-text-center\">\n        <div class=\"title-breadcrumbs pb-half pt-half\"><\/div>      <\/div>\n    <\/div>\n\n     \n<style>\n#page-header-1820547777 .page-title-inner {\n  min-height: 145px;\n}\n#page-header-1820547777 .featured-title {\n  background-color: #1d6196;\n}\n<\/style>\n  <\/div>\n    <\/div>\n  \n\n\n\t<section class=\"section\" id=\"section_92528702\">\n\t\t<div class=\"section-bg fill\" >\n\t\t\t\t\t\t\t\t\t\n\t\t\t\n\n\t\t<\/div>\n\n\t\t\n\n\t\t<div class=\"section-content relative\">\n\t\t\t\n\n<div class=\"row\"  id=\"row-280231569\">\n\n\n\t<div id=\"col-703483276\" class=\"col small-12 large-12\"  >\n\t\t\t\t<div class=\"col-inner\"  >\n\t\t\t\n\t\t\t\n\n<p style=\"text-align: justify;\">The selection of optimal solutions to protect the Program area from floods is carried out in collaboration with local government representatives (JST) and local communities. An important stage of the work involves field visits to discuss issues and potential solutions related to flood protection. As part of the Program&#8217;s implementation, three expert conferences have been planned with the participation of local government representatives from the area covered by the Program.  <\/p>\n<a href=\"https:\/\/bezpiecznawisla.pl\/konferencja-1\/\" target=\"_blank\" class=\"button secondary box-shadow-4 box-shadow-5-hover lowercase\" rel=\"noopener\"  style=\"border-radius:10px;\">\n\t\t<span>May 23, 2023 - conference<\/span>\n\t<i class=\"icon-angle-right\" aria-hidden=\"true\" ><\/i><\/a>\n\n\n<a href=\"https:\/\/bezpiecznawisla.pl\/konferencja-14-maja-2024-r\/\" target=\"_blank\" class=\"button secondary box-shadow-4 box-shadow-5-hover lowercase\" rel=\"noopener\"  style=\"border-radius:10px;\">\n\t\t<span>May 14, 2024 - conference<\/span>\n\t<i class=\"icon-angle-right\" aria-hidden=\"true\" ><\/i><\/a>\n\n\n\n\t\t<\/div>\n\t\t\t\t\t<\/div>\n\n\t\n\n<\/div>\n\n\t\t<\/div>\n\n\t\t\n<style>\n#section_92528702 {\n  padding-top: 30px;\n  padding-bottom: 30px;\n}\n<\/style>\n\t<\/section>\n\t\n\n","protected":false},"excerpt":{"rendered":"","protected":false},"author":3,"featured_media":0,"parent":0,"menu_order":0,"comment_status":"closed","ping_status":"closed","template":"","meta":{"_exactmetrics_skip_tracking":false,"_exactmetrics_sitenote_active":false,"_exactmetrics_sitenote_note":"","_exactmetrics_sitenote_category":0,"footnotes":""},"class_list":["post-1381","page","type-page","status-publish","hentry"],"yoast_head":"<!-- This site is optimized with the Yoast SEO plugin v20.10 - https:\/\/yoast.com\/wordpress\/plugins\/seo\/ -->\n<title>Conferences - Bezpieczna Wis\u0142a<\/title>\n<meta name=\"robots\" content=\"index, follow, max-snippet:-1, max-image-preview:large, max-video-preview:-1\" \/>\n<link rel=\"canonical\" href=\"https:\/\/bezpiecznawisla.pl\/conferences-2\/\" \/>\n<meta property=\"og:locale\" content=\"en_US\" \/>\n<meta property=\"og:type\" content=\"article\" \/>\n<meta property=\"og:title\" content=\"Conferences - Bezpieczna Wis\u0142a\" \/>\n<meta property=\"og:url\" content=\"https:\/\/bezpiecznawisla.pl\/conferences-2\/\" \/>\n<meta property=\"og:site_name\" content=\"Bezpieczna Wis\u0142a\" \/>\n<meta property=\"article:publisher\" content=\"https:\/\/www.facebook.com\/RZGWKrakow\/\" \/>\n<meta name=\"twitter:card\" content=\"summary_large_image\" \/>\n<meta name=\"twitter:label1\" content=\"Est. reading time\" \/>\n\t<meta name=\"twitter:data1\" content=\"1 minute\" \/>\n<script type=\"application\/ld+json\" class=\"yoast-schema-graph\">{\"@context\":\"https:\/\/schema.org\",\"@graph\":[{\"@type\":\"WebPage\",\"@id\":\"https:\/\/bezpiecznawisla.pl\/conferences-2\/\",\"url\":\"https:\/\/bezpiecznawisla.pl\/conferences-2\/\",\"name\":\"Conferences - Bezpieczna Wis\u0142a\",\"isPartOf\":{\"@id\":\"https:\/\/bezpiecznawisla.pl\/#website\"},\"datePublished\":\"2024-05-06T10:32:43+00:00\",\"dateModified\":\"2024-05-06T10:32:43+00:00\",\"breadcrumb\":{\"@id\":\"https:\/\/bezpiecznawisla.pl\/conferences-2\/#breadcrumb\"},\"inLanguage\":\"en-US\",\"potentialAction\":[{\"@type\":\"ReadAction\",\"target\":[\"https:\/\/bezpiecznawisla.pl\/conferences-2\/\"]}]},{\"@type\":\"BreadcrumbList\",\"@id\":\"https:\/\/bezpiecznawisla.pl\/conferences-2\/#breadcrumb\",\"itemListElement\":[{\"@type\":\"ListItem\",\"position\":1,\"name\":\"Strona g\u0142\u00f3wna\",\"item\":\"https:\/\/bezpiecznawisla.pl\/en\/\"},{\"@type\":\"ListItem\",\"position\":2,\"name\":\"Conferences\"}]},{\"@type\":\"WebSite\",\"@id\":\"https:\/\/bezpiecznawisla.pl\/#website\",\"url\":\"https:\/\/bezpiecznawisla.pl\/\",\"name\":\"Bezpieczna Wis\u0142a\",\"description\":\"Ekologicznie w przysz\u0142o\u015b\u0107 - program dzia\u0142a\u0144 retencyjnych\",\"publisher\":{\"@id\":\"https:\/\/bezpiecznawisla.pl\/#organization\"},\"potentialAction\":[{\"@type\":\"SearchAction\",\"target\":{\"@type\":\"EntryPoint\",\"urlTemplate\":\"https:\/\/bezpiecznawisla.pl\/?s={search_term_string}\"},\"query-input\":\"required name=search_term_string\"}],\"inLanguage\":\"en-US\"},{\"@type\":\"Organization\",\"@id\":\"https:\/\/bezpiecznawisla.pl\/#organization\",\"name\":\"Bezpieczna Wis\u0142a\",\"url\":\"https:\/\/bezpiecznawisla.pl\/\",\"logo\":{\"@type\":\"ImageObject\",\"inLanguage\":\"en-US\",\"@id\":\"https:\/\/bezpiecznawisla.pl\/#\/schema\/logo\/image\/\",\"url\":\"https:\/\/bezpiecznawisla.pl\/wp-content\/uploads\/2023\/05\/BW-logo-kolor_png.png\",\"contentUrl\":\"https:\/\/bezpiecznawisla.pl\/wp-content\/uploads\/2023\/05\/BW-logo-kolor_png.png\",\"width\":510,\"height\":160,\"caption\":\"Bezpieczna Wis\u0142a\"},\"image\":{\"@id\":\"https:\/\/bezpiecznawisla.pl\/#\/schema\/logo\/image\/\"},\"sameAs\":[\"https:\/\/www.facebook.com\/RZGWKrakow\/\"]}]}<\/script>\n<!-- \/ Yoast SEO plugin. -->","yoast_head_json":{"title":"Conferences - Bezpieczna Wis\u0142a","robots":{"index":"index","follow":"follow","max-snippet":"max-snippet:-1","max-image-preview":"max-image-preview:large","max-video-preview":"max-video-preview:-1"},"canonical":"https:\/\/bezpiecznawisla.pl\/conferences-2\/","og_locale":"en_US","og_type":"article","og_title":"Conferences - Bezpieczna Wis\u0142a","og_url":"https:\/\/bezpiecznawisla.pl\/conferences-2\/","og_site_name":"Bezpieczna Wis\u0142a","article_publisher":"https:\/\/www.facebook.com\/RZGWKrakow\/","twitter_card":"summary_large_image","twitter_misc":{"Est. reading time":"1 minute"},"schema":{"@context":"https:\/\/schema.org","@graph":[{"@type":"WebPage","@id":"https:\/\/bezpiecznawisla.pl\/conferences-2\/","url":"https:\/\/bezpiecznawisla.pl\/conferences-2\/","name":"Conferences - Bezpieczna Wis\u0142a","isPartOf":{"@id":"https:\/\/bezpiecznawisla.pl\/#website"},"datePublished":"2024-05-06T10:32:43+00:00","dateModified":"2024-05-06T10:32:43+00:00","breadcrumb":{"@id":"https:\/\/bezpiecznawisla.pl\/conferences-2\/#breadcrumb"},"inLanguage":"en-US","potentialAction":[{"@type":"ReadAction","target":["https:\/\/bezpiecznawisla.pl\/conferences-2\/"]}]},{"@type":"BreadcrumbList","@id":"https:\/\/bezpiecznawisla.pl\/conferences-2\/#breadcrumb","itemListElement":[{"@type":"ListItem","position":1,"name":"Strona g\u0142\u00f3wna","item":"https:\/\/bezpiecznawisla.pl\/en\/"},{"@type":"ListItem","position":2,"name":"Conferences"}]},{"@type":"WebSite","@id":"https:\/\/bezpiecznawisla.pl\/#website","url":"https:\/\/bezpiecznawisla.pl\/","name":"Bezpieczna Wis\u0142a","description":"Ekologicznie w przysz\u0142o\u015b\u0107 - program dzia\u0142a\u0144 retencyjnych","publisher":{"@id":"https:\/\/bezpiecznawisla.pl\/#organization"},"potentialAction":[{"@type":"SearchAction","target":{"@type":"EntryPoint","urlTemplate":"https:\/\/bezpiecznawisla.pl\/?s={search_term_string}"},"query-input":"required name=search_term_string"}],"inLanguage":"en-US"},{"@type":"Organization","@id":"https:\/\/bezpiecznawisla.pl\/#organization","name":"Bezpieczna Wis\u0142a","url":"https:\/\/bezpiecznawisla.pl\/","logo":{"@type":"ImageObject","inLanguage":"en-US","@id":"https:\/\/bezpiecznawisla.pl\/#\/schema\/logo\/image\/","url":"https:\/\/bezpiecznawisla.pl\/wp-content\/uploads\/2023\/05\/BW-logo-kolor_png.png","contentUrl":"https:\/\/bezpiecznawisla.pl\/wp-content\/uploads\/2023\/05\/BW-logo-kolor_png.png","width":510,"height":160,"caption":"Bezpieczna Wis\u0142a"},"image":{"@id":"https:\/\/bezpiecznawisla.pl\/#\/schema\/logo\/image\/"},"sameAs":["https:\/\/www.facebook.com\/RZGWKrakow\/"]}]}},"_links":{"self":[{"href":"https:\/\/bezpiecznawisla.pl\/en\/wp-json\/wp\/v2\/pages\/1381","targetHints":{"allow":["GET"]}}],"collection":[{"href":"https:\/\/bezpiecznawisla.pl\/en\/wp-json\/wp\/v2\/pages"}],"about":[{"href":"https:\/\/bezpiecznawisla.pl\/en\/wp-json\/wp\/v2\/types\/page"}],"author":[{"embeddable":true,"href":"https:\/\/bezpiecznawisla.pl\/en\/wp-json\/wp\/v2\/users\/3"}],"replies":[{"embeddable":true,"href":"https:\/\/bezpiecznawisla.pl\/en\/wp-json\/wp\/v2\/comments?post=1381"}],"version-history":[{"count":0,"href":"https:\/\/bezpiecznawisla.pl\/en\/wp-json\/wp\/v2\/pages\/1381\/revisions"}],"wp:attachment":[{"href":"https:\/\/bezpiecznawisla.pl\/en\/wp-json\/wp\/v2\/media?parent=1381"}],"curies":[{"name":"wp","href":"https:\/\/api.w.org\/{rel}","templated":true}]}}